{"id":4484,"date":"2014-12-19T10:50:21","date_gmt":"2014-12-19T09:50:21","guid":{"rendered":"http:\/\/www.undsgn.com\/uncode\/?page_id=4484"},"modified":"2025-07-24T04:02:19","modified_gmt":"2025-07-24T04:02:19","slug":"haus-building-sound","status":"publish","type":"page","link":"https:\/\/hausbuildingsound.com\/","title":{"rendered":"HAUS BUILDING SOUND &#8211; Der Ton zum Film"},"content":{"rendered":"<p>[vc_row unlock_row_content=&#8220;yes&#8220; row_height_percent=&#8220;0&#8243; override_padding=&#8220;yes&#8220; h_padding=&#8220;0&#8243; top_padding=&#8220;0&#8243; bottom_padding=&#8220;0&#8243; back_color=&#8220;color-rgdb&#8220; overlay_alpha=&#8220;100&#8243; gutter_size=&#8220;100&#8243; shift_y=&#8220;0&#8243; style=&#8220;dark&#8220; row_name=&#8220;HOME&#8220;][vc_column width=&#8220;1\/1&#8243;][vc_gallery el_id=&#8220;gallery-24782&#8243; medias=&#8220;49271,49264,49260,49256,49226,49120,49173,49107,48771,49134,49177,48666,49128,49129,49179,49184,49227,49188,49187,49168,49186,49145,49142,49255,49225,49224,49138,49139,49118,49195,48930,49228,49116,49237,49117,49106,49174,49105,48671,48670,49204,49049,49039,48968,48938,48941,48964,49047,49085,49086,48675&#8243; gallery_back_color=&#8220;color-jevc&#8220; gutter_size=&#8220;0&#8243; media_items=&#8220;media|lightbox|poster,title,caption&#8220; screen_lg=&#8220;1400&#8243; screen_md=&#8220;960&#8243; screen_sm=&#8220;480&#8243; single_width=&#8220;2&#8243; images_size=&#8220;sixteen-nine&#8220; single_overlay_color=&#8220;accent&#8220; single_overlay_opacity=&#8220;66&#8243; single_image_anim=&#8220;no&#8220; single_v_position=&#8220;bottom&#8220; single_padding=&#8220;2&#8243; single_text_reduced=&#8220;yes&#8220; single_icon=&#8220;fa fa-play&#8220; single_border=&#8220;yes&#8220; single_css_animation=&#8220;bottom-t-top&#8220; single_animation_delay=&#8220;200&#8243; lbox_social=&#8220;yes&#8220; carousel_rtl=&#8220;&#8220; single_title_uppercase=&#8220;&#8220; single_title_bold=&#8220;&#8220; single_title_serif=&#8220;&#8220; single_half_padding=&#8220;&#8220; single_no_background=&#8220;&#8220; items=&#8220;eyIxMTI5MV9pIjp7InNpbmdsZV9pY29uIjoiZmEgZmEtcGxheSJ9LCI0ODY3NV9pIjp7InNpbmdsZV9pY29uIjoiZmEgZmEtcGxheSIsInNpbmdsZV9vdmVybGF5X2NvbG9yIjoiYWNjZW50In0sIjQ5MTczX2kiOnsic2luZ2xlX2ljb24iOiJmYSBmYS1wbGF5In19&#8243; uncode_shortcode_id=&#8220;168418&#8243; gallery_back_color_type=&#8220;uncode-palette&#8220; gallery_back_color_solid=&#8220;#ff0000&#8243;][\/vc_column][\/vc_row][vc_row row_height_percent=&#8220;0&#8243; back_color=&#8220;color-jevc&#8220; overlay_alpha=&#8220;50&#8243; gutter_size=&#8220;3&#8243; shift_y=&#8220;0&#8243; row_name=&#8220;SERVICES&#8220;][vc_column column_width_percent=&#8220;100&#8243; gutter_size=&#8220;3&#8243; style=&#8220;dark&#8220; overlay_alpha=&#8220;50&#8243; shift_x=&#8220;0&#8243; shift_y=&#8220;0&#8243; z_index=&#8220;0&#8243; medium_width=&#8220;0&#8243; width=&#8220;1\/2&#8243;][vc_column_text]<strong><span style=\"color: #777777;\">HAUS |\u00a0<\/span>MUSIK<\/strong><\/p>\n<p>Sie machen den Film \u2013 HAUS die Musik. Klingt einfach \u2013 und ist es auch. Wir arbeiten gern unkompliziert und direkt, wenn es um die emotionale Ebene Ihres Films geht. Musikproduktion, Komposition von Originalmusik, Beratung und Mood-Recherche. Von Anfang an. Auf allen Ebenen.<\/p>\n<p>Erstmal reinkommen und wohlf\u00fchlen &#8211; das ist wichtig!<br \/>\nWir haben verschiedene R\u00e4ume, die alle miteinander vernetzt sind. Zum Beispiel in unserem WOHNZIMMER. Hinsetzen und besprechen, worum es \u00fcberhaupt geht. Kaffee? Gern!<\/p>\n<p>Wir recherchieren dann in unseren umfangreichen Archiven und stehen gern beratend zur Seite, wohin der &#8222;Soundtrack&#8220; gehen soll. Gradlinig oder verspielt? Hoch oder tief? Orchestral episch oder minimal auf den Punkt? Hemmungslos \u201eRetro&#8220; oder bedingungslos \u201eContemporary\u201c ? Moods gef\u00e4llig? Unsere Aufgabe und unsere Leidenschaft ist es, die Musik zu kennen, den Ton zu treffen, ihr Bild mit gr\u00f6\u00dftm\u00f6glicher Emotion aufzuladen.<\/p>\n<p>Durch unsere vielseitigen musikalischen Backgrounds k\u00f6nnen wir in alle Richtungen denken \u2013 und in unseren drei STUDIOS komponieren\/ produzieren\/ einspielen. Bis das Ergebnis f\u00fcr alle Beteiligten perfekt ist. Das ist nat\u00fcrlich Voraussetzung!<\/p>\n<p>Und wenn Sie bereits ganz konkrete Vorstellungen haben, k\u00fcmmern wir uns gern auch um eine Musik, die im Stil darauf aufbaut oder auch um die Lizensierung bestehender Musik.[\/vc_column_text][\/vc_column][vc_column column_width_percent=&#8220;100&#8243; gutter_size=&#8220;3&#8243; style=&#8220;dark&#8220; overlay_alpha=&#8220;50&#8243; shift_x=&#8220;0&#8243; shift_y=&#8220;0&#8243; z_index=&#8220;0&#8243; medium_width=&#8220;0&#8243; width=&#8220;1\/2&#8243;][vc_column_text]<strong><span style=\"color: #777777;\">HAUS |\u00a0<\/span>POST<\/strong><\/p>\n<p>Mit der perfekten Musik im R\u00fccken macht sich Ihr Film nat\u00fcrlich schonmal sehr gut!<br \/>\nAber zur fertigen Vertonung fehlt vielleicht noch etwas: Wir k\u00fcmmern uns im Sounddesign um die Effekte, Atmosph\u00e4ren und Ger\u00e4uschkulissen, die jede Bildebene zum Leben erwecken.<br \/>\nIn der Audio-Postproduktion bringen wir Musik, Sounddesign, Originalt\u00f6ne und Voice-Over (s.u.) ins perfekte Mischungsverh\u00e4ltnis und mastern alles auf das richtige, dem Medium angepasste Level.[\/vc_column_text][vc_column_text]<strong><span style=\"color: #777777;\">HAUS |\u00a0<\/span>VOICEOVER<\/strong><\/p>\n<p>HAUS liefert Sprecher. Wir \u00fcbernehmen Casting, Aufnahme, Regie und Editing \u2013 ob per Skype, Session-Link oder bei uns im Studio. Wir k\u00fcmmern uns um Gagen und Buyouts f\u00fcr alle Medien und Formate.[\/vc_column_text][\/vc_column][\/vc_row][vc_row row_height_percent=&#8220;0&#8243; overlay_alpha=&#8220;50&#8243; gutter_size=&#8220;3&#8243; shift_y=&#8220;0&#8243; row_name=&#8220;KONTAKT&#8220;][vc_column width=&#8220;1\/2&#8243;][vc_column_text]<strong>TELEFON | MAIL<\/strong><br \/>\nTel.: +49 40 7560 1260 (Florian)<br \/>\nTel.: +49 40 7560 1261 (Oliver)<\/p>\n<p style=\"text-align: left;\">Florian: +49 171 360 6419\u00a0|\u00a0florian@hausbuildingsound.com<br \/>\nOliver: +49 172 456 0703\u00a0|\u00a0oliver@hausbuildingsound.com[\/vc_column_text][vc_column_text]<strong>ADRESSE<br \/>\n<\/strong>HAUS BUILDING SOUND<br \/>\nBartelsstrasse 74 | Hinterhof<br \/>\n20357 Hamburg<\/p>\n<p><a href=\"http:\/\/hausbuildingsound.com\/impressum.htm\" target=\"_blank\" rel=\"noopener\">IMPRESSUM &amp; DATENSCHUTZ<\/a>[\/vc_column_text][\/vc_column][vc_column width=&#8220;1\/2&#8243;][vc_raw_html]JTNDZGl2JTIwc3R5bGUlM0QlMjJ3aWR0aCUzQSUyMDEwMCUyNSUyMiUzRSUzQ2lmcmFtZSUyMHNjcm9sbGluZyUzRCUyMm5vJTIyJTIwbWFyZ2luaGVpZ2h0JTNEJTIyMCUyMiUyMG1hcmdpbndpZHRoJTNEJTIyMCUyMiUyMHNyYyUzRCUyMmh0dHBzJTNBJTJGJTJGbWFwcy5nb29nbGUuY29tJTJGbWFwcyUzRndpZHRoJTNEMTAwJTI1MjUlMjZhbXAlM0JoZWlnaHQlM0Q2MDAlMjZhbXAlM0JobCUzRGVuJTI2YW1wJTNCcSUzREJhcnRlbHNzdHJhc3NlJTI1MjA3NCUyQyUyNTIwJTJCJTI4TXklMjUyMEJ1c2luZXNzJTI1MjBOYW1lJTI5JTI2YW1wJTNCdCUzRCUyNmFtcCUzQnolM0QxNyUyNmFtcCUzQmllJTNEVVRGOCUyNmFtcCUzQml3bG9jJTNEQiUyNmFtcCUzQm91dHB1dCUzRGVtYmVkJTIyJTIwd2lkdGglM0QlMjIxMDAlMjUlMjIlMjBoZWlnaHQlM0QlMjI1MDAlMjIlMjBmcmFtZWJvcmRlciUzRCUyMjAlMjIlM0UlM0NhJTIwaHJlZiUzRCUyMmh0dHBzJTNBJTJGJTJGd3d3Lmdwcy5pZSUyRndlYXJhYmxlLWdwcyUyRiUyMiUzRXdlYXJhYmxlJTIwZ3BzJTNDJTJGYSUzRSUzQyUyRmlmcmFtZSUzRSUzQyUyRmRpdiUzRQ==[\/vc_raw_html][\/vc_column][\/vc_row]<\/p>\n","protected":false},"excerpt":{"rendered":"<p>[vc_row unlock_row_content=&#8220;yes&#8220; row_height_percent=&#8220;0&#8243; override_padding=&#8220;yes&#8220; h_padding=&#8220;0&#8243; top_padding=&#8220;0&#8243; bottom_padding=&#8220;0&#8243; back_color=&#8220;color-rgdb&#8220; overlay_alpha=&#8220;100&#8243; gutter_size=&#8220;100&#8243; shift_y=&#8220;0&#8243; style=&#8220;dark&#8220; row_name=&#8220;HOME&#8220;][vc_column width=&#8220;1\/1&#8243;][vc_gallery el_id=&#8220;gallery-24782&#8243; medias=&#8220;49271,49264,49260,49256,49226,49120,49173,49107,48771,49134,49177,48666,49128,49129,49179,49184,49227,49188,49187,49168,49186,49145,49142,49255,49225,49224,49138,49139,49118,49195,48930,49228,49116,49237,49117,49106,49174,49105,48671,48670,49204,49049,49039,48968,48938,48941,48964,49047,49085,49086,48675&#8243; gallery_back_color=&#8220;color-jevc&#8220; gutter_size=&#8220;0&#8243; media_items=&#8220;media|lightbox|poster,title,caption&#8220; screen_lg=&#8220;1400&#8243; [&hellip;]<\/p>\n","protected":false},"author":1,"featured_media":0,"parent":36646,"menu_order":0,"comment_status":"open","ping_status":"closed","template":"","meta":[],"yoast_head":"<!-- This site is optimized with the Yoast SEO plugin v18.7 - https:\/\/yoast.com\/wordpress\/plugins\/seo\/ -->\n<title>HAUS BUILDING SOUND<\/title>\n<meta name=\"description\" content=\"HAUS Building Sound bietet Komposition &amp; Produktion von Film- und Werbemusik f\u00fcr Kunden wie AUDI, BMW, NIVEA, VW, BAHLSEN, FERRERO, IKEA uvm.\" \/>\n<meta name=\"robots\" content=\"index, follow, max-snippet:-1, max-image-preview:large, max-video-preview:-1\" \/>\n<link rel=\"canonical\" href=\"https:\/\/hausbuildingsound.com\/\" \/>\n<meta property=\"og:locale\" content=\"de_DE\" \/>\n<meta property=\"og:type\" content=\"article\" \/>\n<meta property=\"og:title\" content=\"HAUS BUILDING SOUND\" \/>\n<meta property=\"og:description\" content=\"HAUS Building Sound bietet Komposition &amp; Produktion von Film- und Werbemusik f\u00fcr Kunden wie AUDI, BMW, NIVEA, VW, BAHLSEN, FERRERO, IKEA uvm.\" \/>\n<meta property=\"og:url\" content=\"https:\/\/hausbuildingsound.com\/\" \/>\n<meta property=\"og:site_name\" content=\"HAUS BUILDING SOUND\" \/>\n<meta property=\"article:publisher\" content=\"https:\/\/www.facebook.com\/heimorgel.musikproduktion\/?fref=ts\" \/>\n<meta property=\"article:modified_time\" content=\"2025-07-24T04:02:19+00:00\" \/>\n<meta name=\"twitter:card\" content=\"summary\" \/>\n<meta name=\"twitter:label1\" content=\"Gesch\u00e4tzte Lesezeit\" \/>\n\t<meta name=\"twitter:data1\" content=\"3 Minuten\" \/>\n<script type=\"application\/ld+json\" class=\"yoast-schema-graph\">{\"@context\":\"https:\/\/schema.org\",\"@graph\":[{\"@type\":\"WebSite\",\"@id\":\"https:\/\/hausbuildingsound.com\/#website\",\"url\":\"https:\/\/hausbuildingsound.com\/\",\"name\":\"HAUS BUILDING SOUND\",\"description\":\"WIR MACHEN DEN TON ZUM BILD\",\"potentialAction\":[{\"@type\":\"SearchAction\",\"target\":{\"@type\":\"EntryPoint\",\"urlTemplate\":\"https:\/\/hausbuildingsound.com\/?s={search_term_string}\"},\"query-input\":\"required name=search_term_string\"}],\"inLanguage\":\"de-DE\"},{\"@type\":\"WebPage\",\"@id\":\"https:\/\/hausbuildingsound.com\/#webpage\",\"url\":\"https:\/\/hausbuildingsound.com\/\",\"name\":\"HAUS BUILDING SOUND\",\"isPartOf\":{\"@id\":\"https:\/\/hausbuildingsound.com\/#website\"},\"datePublished\":\"2014-12-19T09:50:21+00:00\",\"dateModified\":\"2025-07-24T04:02:19+00:00\",\"description\":\"HAUS Building Sound bietet Komposition & Produktion von Film- und Werbemusik f\u00fcr Kunden wie AUDI, BMW, NIVEA, VW, BAHLSEN, FERRERO, IKEA uvm.\",\"breadcrumb\":{\"@id\":\"https:\/\/hausbuildingsound.com\/#breadcrumb\"},\"inLanguage\":\"de-DE\",\"potentialAction\":[{\"@type\":\"ReadAction\",\"target\":[\"https:\/\/hausbuildingsound.com\/\"]}]},{\"@type\":\"BreadcrumbList\",\"@id\":\"https:\/\/hausbuildingsound.com\/#breadcrumb\",\"itemListElement\":[{\"@type\":\"ListItem\",\"position\":1,\"name\":\"Startseite\",\"item\":\"https:\/\/hausbuildingsound.com\/\"},{\"@type\":\"ListItem\",\"position\":2,\"name\":\"Works\",\"item\":\"https:\/\/hausbuildingsound.com\/?page_id=36646\"},{\"@type\":\"ListItem\",\"position\":3,\"name\":\"HAUS BUILDING SOUND &#8211; Der Ton zum Film\"}]}]}<\/script>\n<!-- \/ Yoast SEO plugin. -->","yoast_head_json":{"title":"HAUS BUILDING SOUND","description":"HAUS Building Sound bietet Komposition & Produktion von Film- und Werbemusik f\u00fcr Kunden wie AUDI, BMW, NIVEA, VW, BAHLSEN, FERRERO, IKEA uvm.","robots":{"index":"index","follow":"follow","max-snippet":"max-snippet:-1","max-image-preview":"max-image-preview:large","max-video-preview":"max-video-preview:-1"},"canonical":"https:\/\/hausbuildingsound.com\/","og_locale":"de_DE","og_type":"article","og_title":"HAUS BUILDING SOUND","og_description":"HAUS Building Sound bietet Komposition & Produktion von Film- und Werbemusik f\u00fcr Kunden wie AUDI, BMW, NIVEA, VW, BAHLSEN, FERRERO, IKEA uvm.","og_url":"https:\/\/hausbuildingsound.com\/","og_site_name":"HAUS BUILDING SOUND","article_publisher":"https:\/\/www.facebook.com\/heimorgel.musikproduktion\/?fref=ts","article_modified_time":"2025-07-24T04:02:19+00:00","twitter_card":"summary","twitter_misc":{"Gesch\u00e4tzte Lesezeit":"3 Minuten"},"schema":{"@context":"https:\/\/schema.org","@graph":[{"@type":"WebSite","@id":"https:\/\/hausbuildingsound.com\/#website","url":"https:\/\/hausbuildingsound.com\/","name":"HAUS BUILDING SOUND","description":"WIR MACHEN DEN TON ZUM BILD","potentialAction":[{"@type":"SearchAction","target":{"@type":"EntryPoint","urlTemplate":"https:\/\/hausbuildingsound.com\/?s={search_term_string}"},"query-input":"required name=search_term_string"}],"inLanguage":"de-DE"},{"@type":"WebPage","@id":"https:\/\/hausbuildingsound.com\/#webpage","url":"https:\/\/hausbuildingsound.com\/","name":"HAUS BUILDING SOUND","isPartOf":{"@id":"https:\/\/hausbuildingsound.com\/#website"},"datePublished":"2014-12-19T09:50:21+00:00","dateModified":"2025-07-24T04:02:19+00:00","description":"HAUS Building Sound bietet Komposition & Produktion von Film- und Werbemusik f\u00fcr Kunden wie AUDI, BMW, NIVEA, VW, BAHLSEN, FERRERO, IKEA uvm.","breadcrumb":{"@id":"https:\/\/hausbuildingsound.com\/#breadcrumb"},"inLanguage":"de-DE","potentialAction":[{"@type":"ReadAction","target":["https:\/\/hausbuildingsound.com\/"]}]},{"@type":"BreadcrumbList","@id":"https:\/\/hausbuildingsound.com\/#breadcrumb","itemListElement":[{"@type":"ListItem","position":1,"name":"Startseite","item":"https:\/\/hausbuildingsound.com\/"},{"@type":"ListItem","position":2,"name":"Works","item":"https:\/\/hausbuildingsound.com\/?page_id=36646"},{"@type":"ListItem","position":3,"name":"HAUS BUILDING SOUND &#8211; Der Ton zum Film"}]}]}},"_links":{"self":[{"href":"https:\/\/hausbuildingsound.com\/index.php?rest_route=\/wp\/v2\/pages\/4484"}],"collection":[{"href":"https:\/\/hausbuildingsound.com\/index.php?rest_route=\/wp\/v2\/pages"}],"about":[{"href":"https:\/\/hausbuildingsound.com\/index.php?rest_route=\/wp\/v2\/types\/page"}],"author":[{"embeddable":true,"href":"https:\/\/hausbuildingsound.com\/index.php?rest_route=\/wp\/v2\/users\/1"}],"replies":[{"embeddable":true,"href":"https:\/\/hausbuildingsound.com\/index.php?rest_route=%2Fwp%2Fv2%2Fcomments&post=4484"}],"version-history":[{"count":139,"href":"https:\/\/hausbuildingsound.com\/index.php?rest_route=\/wp\/v2\/pages\/4484\/revisions"}],"predecessor-version":[{"id":49272,"href":"https:\/\/hausbuildingsound.com\/index.php?rest_route=\/wp\/v2\/pages\/4484\/revisions\/49272"}],"up":[{"embeddable":true,"href":"https:\/\/hausbuildingsound.com\/index.php?rest_route=\/wp\/v2\/pages\/36646"}],"wp:attachment":[{"href":"https:\/\/hausbuildingsound.com\/index.php?rest_route=%2Fwp%2Fv2%2Fmedia&parent=4484"}],"curies":[{"name":"wp","href":"https:\/\/api.w.org\/{rel}","templated":true}]}}